{"id":33,"date":"2026-03-12T21:33:21","date_gmt":"2026-03-12T21:33:21","guid":{"rendered":"https:\/\/crecechile.anacondaweb.in\/?page_id=33"},"modified":"2026-03-13T14:40:17","modified_gmt":"2026-03-13T14:40:17","slug":"home-2","status":"publish","type":"page","link":"https:\/\/crecechile.anacondaweb.in\/","title":{"rendered":"Home"},"content":{"rendered":"\n<div class=\"wp-block-uagb-container uagb-block-33914ddc alignfull uagb-is-root-container\"><div class=\"uagb-container-inner-blocks-wrap\">\n<div class=\"wp-block-uagb-info-box uagb-block-32540a6c uagb-infobox__content-wrap  uagb-infobox-icon-above-title uagb-infobox-image-valign-top\"><div class=\"uagb-ifb-content\"><div class=\"uagb-ifb-title-wrap\"><span class=\"uagb-ifb-title-prefix\">Transforma tu futuro<\/span><h1 class=\"uagb-ifb-title\">Educaci\u00f3n para todos los adultos en Chile<\/h1><\/div><p class=\"uagb-ifb-desc\">En CreceChile, brindamos oportunidades educativas para que cada adulto logre sus metas acad\u00e9micas y personales en un entorno c\u00e1lido y de confianza.<\/p><div class=\"uagb-ifb-button-wrapper wp-block-button\"><a href=\"contact\/\" class=\"uagb-infobox-cta-link wp-block-button__link\" target=\"_self\" rel=\"noopener noreferrer\" onclick=\"return true;\"><span class=\"uagb-inline-editing\">Matric\u00falate ahora<\/span><\/a><\/div><\/div><\/div>\n<\/div><\/div>\n\n\n\n<div class=\"wp-block-uagb-container uagb-block-5b740152 alignfull uagb-is-root-container\"><div class=\"uagb-container-inner-blocks-wrap\">\n<div class=\"wp-block-uagb-container uagb-block-590aa15a\">\n<div class=\"wp-block-uagb-info-box uagb-block-2359313e uagb-infobox__content-wrap  uagb-infobox-icon-above-title uagb-infobox-image-valign-top\"><div class=\"uagb-ifb-content\"><div class=\"uagb-ifb-title-wrap\"><span class=\"uagb-ifb-title-prefix\">Conoce CreceChile<\/span><h2 class=\"uagb-ifb-title\">Impulsando la educaci\u00f3n para adultos en Chile<\/h2><\/div><\/div><\/div>\n<\/div>\n\n\n\n<div class=\"wp-block-uagb-container uagb-block-6ec428b1\">\n<div class=\"wp-block-uagb-advanced-heading uagb-block-e30f7b91\"><h3 class=\"uagb-heading-text\">CreceChile es una organizaci\u00f3n dedicada a nivelar estudios para adultos, ofreciendo apoyo y recursos para superarse.<\/h3><p class=\"uagb-desc-text\">En CreceChile, redactamos programas educativos que se adaptan a las necesidades de los adultos. Ofrecemos clases presenciales y en l\u00ednea, con un equipo de voluntarios apasionados. Nuestro enfoque en la calidez y la confianza nos diferencia, propiciando un espacio donde todos puedan avanzar. Hemos sido reconocidos por nuestra dedicaci\u00f3n a la inclusi\u00f3n y la superaci\u00f3n personal en la educaci\u00f3n.<\/p><\/div>\n\n\n\n<div class=\"wp-block-uagb-buttons uagb-buttons__outer-wrap uagb-btn__default-btn uagb-btn-tablet__default-btn uagb-btn-mobile__default-btn uagb-block-dce11512\"><div class=\"uagb-buttons__wrap uagb-buttons-layout-wrap \">\n<div class=\"wp-block-uagb-buttons-child uagb-buttons__outer-wrap uagb-block-dff7d825 wp-block-button\"><div class=\"uagb-button__wrapper\"><a class=\"uagb-buttons-repeater ast-outline-button\" aria-label=\"\" style=\"border-width:revert-layer\" href=\"about\/\" rel=\"follow noopener\" target=\"_self\" role=\"button\"><div class=\"uagb-button__link\">APRENDER M\u00c1S<\/div><\/a><\/div><\/div>\n<\/div><\/div>\n<\/div>\n<\/div><\/div>\n\n\n\n<div class=\"wp-block-uagb-container uagb-block-6524a66f alignfull uagb-is-root-container\"><div class=\"uagb-container-inner-blocks-wrap\">\n<div class=\"wp-block-uagb-info-box uagb-block-99aa96b3 uagb-infobox__content-wrap  uagb-infobox-icon-above-title uagb-infobox-image-valign-top\"><div class=\"uagb-ifb-content\"><div class=\"uagb-ifb-title-wrap\"><span class=\"uagb-ifb-title-prefix\">Nuestros servicios<\/span><h2 class=\"uagb-ifb-title\">Programas educativos para el desarrollo<\/h2><\/div><p class=\"uagb-ifb-desc\">Ofrecemos modalidades flexibles y cursos adaptados a tus necesidades y aspiraciones.<\/p><\/div><\/div>\n\n\n\n<div class=\"wp-block-uagb-container uagb-block-a0a42333\">\n<div class=\"wp-block-uagb-container uagb-block-9abd22a4\">\n<div class=\"wp-block-uagb-advanced-heading uagb-block-769a552b\"><h2 class=\"uagb-heading-text\">01.<\/h2><div class=\"uagb-separator\"><\/div><\/div>\n\n\n\n<div class=\"wp-block-uagb-info-box uagb-block-d59c5b69 uagb-infobox__content-wrap  uagb-infobox-icon-above-title uagb-infobox-image-valign-top\"><div class=\"uagb-ifb-content\"><div class=\"uagb-ifb-title-wrap\"><h3 class=\"uagb-ifb-title\">Educaci\u00f3n Flexible<\/h3><\/div><p class=\"uagb-ifb-desc\">Una opci\u00f3n de estudio que se adapta a tus horarios y necesidades personales.<\/p><div class=\"uagb-ifb-button-wrapper wp-block-button\"><a href=\"services\/\" target=\"_self\" onclick=\"return true;\" class=\"uagb-infobox-cta-link\" rel=\"noopener noreferrer\"><span class=\"uagb-inline-editing\">APRENDER M\u00c1S<\/span><\/a><\/div><\/div><\/div>\n<\/div>\n\n\n\n<div class=\"wp-block-uagb-container uagb-block-032d95fc\">\n<div class=\"wp-block-uagb-advanced-heading uagb-block-728f4cfc\"><h2 class=\"uagb-heading-text\">02.<\/h2><div class=\"uagb-separator\"><\/div><\/div>\n\n\n\n<div class=\"wp-block-uagb-info-box uagb-block-ef01bad9 uagb-infobox__content-wrap  uagb-infobox-icon-above-title uagb-infobox-image-valign-top\"><div class=\"uagb-ifb-content\"><div class=\"uagb-ifb-title-wrap\"><h3 class=\"uagb-ifb-title\">Cursos Especializados<\/h3><\/div><p class=\"uagb-ifb-desc\">Accede a una variedad de cursos que potencian tus habilidades y te preparan para el mundo laboral.<\/p><div class=\"uagb-ifb-button-wrapper wp-block-button\"><a href=\"services\/\" target=\"_self\" onclick=\"return true;\" class=\"uagb-infobox-cta-link\" rel=\"noopener noreferrer\"><span class=\"uagb-inline-editing\">APRENDER M\u00c1S<\/span><\/a><\/div><\/div><\/div>\n<\/div>\n\n\n\n<div class=\"wp-block-uagb-container uagb-block-9c8fa577\">\n<div class=\"wp-block-uagb-advanced-heading uagb-block-cd560cd0\"><h2 class=\"uagb-heading-text\">03.<\/h2><div class=\"uagb-separator\"><\/div><\/div>\n\n\n\n<div class=\"wp-block-uagb-info-box uagb-block-0bb78aa6 uagb-infobox__content-wrap  uagb-infobox-icon-above-title uagb-infobox-image-valign-top\"><div class=\"uagb-ifb-content\"><div class=\"uagb-ifb-title-wrap\"><h3 class=\"uagb-ifb-title\">Programa de Voluntariado<\/h3><\/div><p class=\"uagb-ifb-desc\">Oportunidades de voluntariado que enriquecen tu experiencia y apoyan a otros en su camino educativo.<\/p><div class=\"uagb-ifb-button-wrapper wp-block-button\"><a href=\"services\/\" target=\"_self\" onclick=\"return true;\" class=\"uagb-infobox-cta-link\" rel=\"noopener noreferrer\"><span class=\"uagb-inline-editing\">APRENDER M\u00c1S<\/span><\/a><\/div><\/div><\/div>\n<\/div>\n<\/div>\n<\/div><\/div>\n\n\n\n<div class=\"wp-block-uagb-container uagb-block-23d0646f alignfull uagb-is-root-container\"><div class=\"uagb-container-inner-blocks-wrap\">\n<div class=\"wp-block-uagb-container uagb-block-7453ae49\">\n<div class=\"wp-block-uagb-counter uagb-block-7a505c88 wp-block-uagb-counter--number\"><div class=\"wp-block-uagb-counter__number\"><span class=\"uagb-counter-block-number\" data-duration=\"1.5\" data-to-value=\"92\" data-from-value=\"0\" data-delimiter=\",\"><\/span><span class=\"uagb-counter-block-suffix\">%<\/span><\/div><div class=\"wp-block-uagb-counter__title\">Satisfacci\u00f3n del Cliente<\/div><\/div>\n<\/div>\n\n\n\n<div class=\"wp-block-uagb-container uagb-block-a2d43849\">\n<div class=\"wp-block-uagb-counter uagb-block-ead41114 wp-block-uagb-counter--number\"><div class=\"wp-block-uagb-counter__number\"><span class=\"uagb-counter-block-number\" data-duration=\"1.5\" data-to-value=\"25\" data-from-value=\"0\" data-delimiter=\",\"><\/span><span class=\"uagb-counter-block-suffix\">+<\/span><\/div><div class=\"wp-block-uagb-counter__title\">Miembros del Equipo<\/div><\/div>\n<\/div>\n\n\n\n<div class=\"wp-block-uagb-container uagb-block-097966ea\">\n<div class=\"wp-block-uagb-counter uagb-block-eb69c34f wp-block-uagb-counter--number\"><div class=\"wp-block-uagb-counter__number\"><span class=\"uagb-counter-block-number\" data-duration=\"1.5\" data-to-value=\"12\" data-from-value=\"0\" data-delimiter=\",\"><\/span><span class=\"uagb-counter-block-suffix\">+<\/span><\/div><div class=\"wp-block-uagb-counter__title\">A\u00f1os de Experiencia<\/div><\/div>\n<\/div>\n\n\n\n<div class=\"wp-block-uagb-container uagb-block-bd62307c\">\n<div class=\"wp-block-uagb-counter uagb-block-5a657ec5 wp-block-uagb-counter--number\"><div class=\"wp-block-uagb-counter__number\"><span class=\"uagb-counter-block-number\" data-duration=\"1.5\" data-to-value=\"5\" data-from-value=\"0\" data-delimiter=\",\"><\/span><span class=\"uagb-counter-block-suffix\">+<\/span><\/div><div class=\"wp-block-uagb-counter__title\">Premios Globales<\/div><\/div>\n<\/div>\n<\/div><\/div>\n\n\n\n<div class=\"wp-block-uagb-container uagb-block-c61f515b alignfull uagb-is-root-container\">\n<div class=\"wp-block-uagb-container uagb-block-b88a5352\">\n<div class=\"wp-block-uagb-info-box uagb-block-089a5fbd uagb-infobox__content-wrap  uagb-infobox-icon-above-title uagb-infobox-image-valign-top\"><div class=\"uagb-ifb-content\"><div class=\"uagb-ifb-title-wrap\"><span class=\"uagb-ifb-title-prefix\">Nuestra historia<\/span><h2 class=\"uagb-ifb-title\">El viaje de CreceChile a trav\u00e9s de los a\u00f1os<\/h2><\/div><p class=\"uagb-ifb-desc\">Desde su fundaci\u00f3n en 2004, CreceChile ha trabajado incansablemente para brindar acceso a la educaci\u00f3n a adultos en diversas regiones. A trav\u00e9s de programas innovadores y un enfoque en la comunidad, hemos ayudado a miles de estudiantes a finalizar sus estudios, fortaleciendo as\u00ed su confianza y habilidades en el \u00e1mbito laboral. Nuestra trayectoria est\u00e1 marcada por un compromiso continuo con la excelencia y la inclusi\u00f3n.<\/p><div class=\"uagb-ifb-button-wrapper wp-block-button\"><a href=\"about\/\" class=\"uagb-infobox-cta-link wp-block-button__link\" target=\"_self\" rel=\"noopener noreferrer\" onclick=\"return true;\"><span class=\"uagb-inline-editing\">APRENDER M\u00c1S<\/span><\/a><\/div><\/div><\/div>\n<\/div>\n<\/div>\n\n\n\n<div class=\"wp-block-uagb-container uagb-block-7e6769fe alignfull uagb-is-root-container\"><div class=\"uagb-container-inner-blocks-wrap\">\n<div class=\"wp-block-uagb-info-box uagb-block-df560f93 uagb-infobox__content-wrap  uagb-infobox-icon-above-title uagb-infobox-image-valign-top\"><div class=\"uagb-ifb-content\"><div class=\"uagb-ifb-title-wrap\"><span class=\"uagb-ifb-title-prefix\">Lo que dicen<\/span><h2 class=\"uagb-ifb-title\">Testimonios de nuestros estudiantes<\/h2><\/div><p class=\"uagb-ifb-desc\">Historias inspiradoras de quienes han transformado sus vidas con nosotros.<\/p><\/div><\/div>\n\n\n\n<div class=\"wp-block-uagb-container uagb-block-6700b253\">\n<div class=\"wp-block-uagb-container uagb-block-37d6e4c7\">\n<div class=\"wp-block-uagb-info-box uagb-block-f9b5cf3a uagb-infobox__content-wrap  uagb-infobox-icon-left uagb-infobox-left uagb-infobox-stacked-tablet uagb-infobox-image-valign-top\"><div class=\"uagb-ifb-image-content\"><img decoding=\"async\" src=\"https:\/\/crecechile.anacondaweb.in\/wp-content\/uploads\/2024\/02\/testimonial-skip-01.jpg\" alt=\"Testimonial Skip 01\" width=\"74\" height=\"74\" loading=\"lazy\" title=\"Home\"><\/div><div class=\"uagb-ifb-content\"><div class=\"uagb-ifb-title-wrap\"><span class=\"uagb-ifb-title-prefix\">CreceChile me brind\u00f3 la oportunidad de completar mis estudios. Gracias a su apoyo, hoy tengo un trabajo estable y un futuro prometedor.<\/span><p class=\"uagb-ifb-title\">Jorge P\u00e9rez<\/p><\/div><\/div><\/div>\n<\/div>\n\n\n\n<div class=\"wp-block-uagb-container uagb-block-80ef6ada\">\n<div class=\"wp-block-uagb-info-box uagb-block-ac698830 uagb-infobox__content-wrap  uagb-infobox-icon-left uagb-infobox-left uagb-infobox-stacked-tablet uagb-infobox-image-valign-top\"><div class=\"uagb-ifb-image-content\"><img decoding=\"async\" src=\"https:\/\/crecechile.anacondaweb.in\/wp-content\/uploads\/2024\/02\/testimonial-skip-02.jpg\" alt=\"Testimonial Skip 02\" width=\"74\" height=\"74\" loading=\"lazy\" title=\"Home\"><\/div><div class=\"uagb-ifb-content\"><div class=\"uagb-ifb-title-wrap\"><span class=\"uagb-ifb-title-prefix\">Estudiar aqu\u00ed ha sido una experiencia transformadora. Cada clase me motiva a seguir adelante y alcanzar mis sue\u00f1os.<\/span><p class=\"uagb-ifb-title\">Mar\u00eda L\u00f3pez<\/p><\/div><\/div><\/div>\n<\/div>\n<\/div>\n\n\n\n<div class=\"wp-block-uagb-container uagb-block-2257c642\">\n<div class=\"wp-block-uagb-container uagb-block-45ad2bf2\">\n<div class=\"wp-block-uagb-info-box uagb-block-a3e49a74 uagb-infobox__content-wrap  uagb-infobox-icon-left uagb-infobox-left uagb-infobox-stacked-tablet uagb-infobox-image-valign-top\"><div class=\"uagb-ifb-image-content\"><img decoding=\"async\" src=\"https:\/\/crecechile.anacondaweb.in\/wp-content\/uploads\/2024\/02\/testimonial-skip-03.jpg\" alt=\"Testimonial Skip 03\" width=\"74\" height=\"74\" loading=\"lazy\" title=\"Home\"><\/div><div class=\"uagb-ifb-content\"><div class=\"uagb-ifb-title-wrap\"><span class=\"uagb-ifb-title-prefix\">La gu\u00eda de los voluntarios y el ambiente c\u00e1lido hicieron que retomar mis estudios fuera posible y emocionante.<\/span><p class=\"uagb-ifb-title\">Carlos Gonz\u00e1lez<\/p><\/div><\/div><\/div>\n<\/div>\n\n\n\n<div class=\"wp-block-uagb-container uagb-block-c7e41ea7\">\n<div class=\"wp-block-uagb-info-box uagb-block-4744f425 uagb-infobox__content-wrap  uagb-infobox-icon-left uagb-infobox-left uagb-infobox-stacked-tablet uagb-infobox-image-valign-top\"><div class=\"uagb-ifb-image-content\"><img decoding=\"async\" src=\"https:\/\/crecechile.anacondaweb.in\/wp-content\/uploads\/2024\/02\/testimonial-skip-04.jpg\" alt=\"Testimonial Skip 04\" width=\"74\" height=\"74\" loading=\"lazy\" title=\"Home\"><\/div><div class=\"uagb-ifb-content\"><div class=\"uagb-ifb-title-wrap\"><span class=\"uagb-ifb-title-prefix\">Nunca pens\u00e9 que podr\u00eda volver a estudiar. CreceChile me hizo creer en m\u00ed misma y en mis capacidades.<\/span><p class=\"uagb-ifb-title\">Ana Barros<\/p><\/div><\/div><\/div>\n<\/div>\n<\/div>\n<\/div><\/div>\n\n\n\n<div class=\"wp-block-uagb-container uagb-block-2f326697 alignfull uagb-is-root-container\"><div class=\"uagb-container-inner-blocks-wrap\">\n<div class=\"wp-block-uagb-info-box uagb-block-76ceb716 uagb-infobox__content-wrap  uagb-infobox-icon-above-title uagb-infobox-image-valign-top\"><div class=\"uagb-ifb-content\"><div class=\"uagb-ifb-title-wrap\"><span class=\"uagb-ifb-title-prefix\">Diferentes y Especiales<\/span><h2 class=\"uagb-ifb-title\">Por qu\u00e9 elegir CreceChile<\/h2><\/div><p class=\"uagb-ifb-desc\">Nuestra misi\u00f3n es empoderar a los adultos a trav\u00e9s de la educaci\u00f3n y el acompa\u00f1amiento personalizado.<\/p><\/div><\/div>\n\n\n\n<div class=\"wp-block-uagb-image alignleft uagb-block-3c7a7974 wp-block-uagb-image--layout-default wp-block-uagb-image--effect-static wp-block-uagb-image--align-left\"><figure class=\"wp-block-uagb-image__figure\"><img decoding=\"async\" srcset=\"https:\/\/crecechile.anacondaweb.in\/wp-content\/uploads\/2026\/03\/selective-focus-photography-of-people-sitting-on-chairs-while-writing-on-notebooks-hb6uwq0i4mi.jpeg ,https:\/\/crecechile.anacondaweb.in\/wp-content\/uploads\/2026\/03\/selective-focus-photography-of-people-sitting-on-chairs-while-writing-on-notebooks-hb6uwq0i4mi.jpeg 780w, https:\/\/crecechile.anacondaweb.in\/wp-content\/uploads\/2026\/03\/selective-focus-photography-of-people-sitting-on-chairs-while-writing-on-notebooks-hb6uwq0i4mi.jpeg 360w\" sizes=\"auto, (max-width: 480px) 150px\" src=\"https:\/\/crecechile.anacondaweb.in\/wp-content\/uploads\/2026\/03\/selective-focus-photography-of-people-sitting-on-chairs-while-writing-on-notebooks-hb6uwq0i4mi.jpeg\" alt=\"Woman Pen Notebook\" class=\"uag-image-436\" width=\"1200\" height=\"450\" title=\"Home\" loading=\"lazy\" role=\"img\"><\/figure><\/div>\n\n\n\n<div class=\"wp-block-uagb-container uagb-block-84e181c4\">\n<div class=\"wp-block-uagb-info-box uagb-block-4bbc11b0 uagb-infobox__content-wrap  uagb-infobox-icon-above-title uagb-infobox-image-valign-top\"><div class=\"uagb-ifb-content\"><div class=\"uagb-ifb-title-wrap\"><span class=\"uagb-ifb-title-prefix\">01<\/span><h3 class=\"uagb-ifb-title\">Apoyo Personalizado<\/h3><\/div><p class=\"uagb-ifb-desc\">Contamos con un equipo de voluntarios dedicados que brindan atenci\u00f3n individualizada a cada estudiante.<\/p><\/div><\/div>\n\n\n\n<div class=\"wp-block-uagb-info-box uagb-block-e039f349 uagb-infobox__content-wrap  uagb-infobox-icon-above-title uagb-infobox-image-valign-top\"><div class=\"uagb-ifb-content\"><div class=\"uagb-ifb-title-wrap\"><span class=\"uagb-ifb-title-prefix\">02<\/span><h3 class=\"uagb-ifb-title\">Programas Flexibles<\/h3><\/div><p class=\"uagb-ifb-desc\">Nuestros programas est\u00e1n dise\u00f1ados para adaptarse a las necesidades y horarios de adultos que trabajan.<\/p><\/div><\/div>\n\n\n\n<div class=\"wp-block-uagb-info-box uagb-block-8ff54d31 uagb-infobox__content-wrap  uagb-infobox-icon-above-title uagb-infobox-image-valign-top\"><div class=\"uagb-ifb-content\"><div class=\"uagb-ifb-title-wrap\"><span class=\"uagb-ifb-title-prefix\">03<\/span><h3 class=\"uagb-ifb-title\">Comunidad Inclusiva<\/h3><\/div><p class=\"uagb-ifb-desc\">Fomentamos un ambiente seguro y acogedor donde cada persona se siente valorada y apoyada.<\/p><\/div><\/div>\n<\/div>\n<\/div><\/div>\n\n\n\n<div class=\"wp-block-uagb-container uagb-block-b684870f alignfull uagb-is-root-container\"><div class=\"uagb-container-inner-blocks-wrap\">\n<div class=\"wp-block-uagb-info-box uagb-block-f83a47d8 uagb-infobox__content-wrap  uagb-infobox-icon-above-title uagb-infobox-image-valign-top\"><div class=\"uagb-ifb-content\"><div class=\"uagb-ifb-title-wrap\"><span class=\"uagb-ifb-title-prefix\">Con\u00e9ctate con nosotros<\/span><h2 class=\"uagb-ifb-title\">\u00a1Transforma tu vida hoy mismo con CreceChile!<\/h2><\/div><p class=\"uagb-ifb-desc\">No esperes m\u00e1s, da el primer paso hacia tu futuro educativo y personal.<\/p><div class=\"uagb-ifb-button-wrapper wp-block-button\"><a href=\"\/contact\/\" class=\"uagb-infobox-cta-link wp-block-button__link\" target=\"_self\" rel=\"noopener noreferrer\" onclick=\"return true;\" alt=\"\"><span class=\"uagb-inline-editing\">Matric\u00falate ahora<\/span><\/a><\/div><\/div><\/div>\n<\/div><\/div>\n\n\n\n<p><\/p>\n","protected":false},"excerpt":{"rendered":"<p>CreceChile es una organizaci\u00f3n dedicada a nivelar estudios para adultos, ofreciendo apoyo y recursos para superarse. En CreceChile, redactamos programas [&hellip;]<\/p>\n","protected":false},"author":6,"featured_media":0,"parent":0,"menu_order":0,"comment_status":"closed","ping_status":"closed","template":"","meta":{"_uag_custom_page_level_css":"","site-sidebar-layout":"default","site-content-layout":"","ast-site-content-layout":"default","site-content-style":"default","site-sidebar-style":"default","ast-global-header-display":"","ast-banner-title-visibility":"","ast-main-header-display":"","ast-hfb-above-header-display":"","ast-hfb-below-header-display":"","ast-hfb-mobile-header-display":"","site-post-title":"disabled","ast-breadcrumbs-content":"","ast-featured-img":"","footer-sml-layout":"","ast-disable-related-posts":"","theme-transparent-header-meta":"enabled","adv-header-id-meta":"","stick-header-meta":"","header-above-stick-meta":"","header-main-stick-meta":"","header-below-stick-meta":"","astra-migrate-meta-layouts":"default","ast-page-background-enabled":"default","ast-page-background-meta":{"desktop":{"background-color":"var(--ast-global-color-4)","background-image":"","background-repeat":"repeat","background-position":"center center","background-size":"auto","background-attachment":"scroll","background-type":"","background-media":"","overlay-type":"","overlay-color":"","overlay-opacity":"","overlay-gradient":""},"tablet":{"background-color":"","background-image":"","background-repeat":"repeat","background-position":"center center","background-size":"auto","background-attachment":"scroll","background-type":"","background-media":"","overlay-type":"","overlay-color":"","overlay-opacity":"","overlay-gradient":""},"mobile":{"background-color":"","background-image":"","background-repeat":"repeat","background-position":"center center","background-size":"auto","background-attachment":"scroll","background-type":"","background-media":"","overlay-type":"","overlay-color":"","overlay-opacity":"","overlay-gradient":""}},"ast-content-background-meta":{"desktop":{"background-color":"var(--ast-global-color-5)","background-image":"","background-repeat":"repeat","background-position":"center center","background-size":"auto","background-attachment":"scroll","background-type":"","background-media":"","overlay-type":"","overlay-color":"","overlay-opacity":"","overlay-gradient":""},"tablet":{"background-color":"var(--ast-global-color-5)","background-image":"","background-repeat":"repeat","background-position":"center center","background-size":"auto","background-attachment":"scroll","background-type":"","background-media":"","overlay-type":"","overlay-color":"","overlay-opacity":"","overlay-gradient":""},"mobile":{"background-color":"var(--ast-global-color-5)","background-image":"","background-repeat":"repeat","background-position":"center center","background-size":"auto","background-attachment":"scroll","background-type":"","background-media":"","overlay-type":"","overlay-color":"","overlay-opacity":"","overlay-gradient":""}},"footnotes":""},"class_list":["post-33","page","type-page","status-publish","hentry"],"uagb_featured_image_src":{"full":false,"thumbnail":false,"medium":false,"medium_large":false,"large":false,"1536x1536":false,"2048x2048":false},"uagb_author_info":{"display_name":"lvozk9mziep5","author_link":"https:\/\/crecechile.anacondaweb.in\/?author=6"},"uagb_comment_info":0,"uagb_excerpt":"CreceChile es una organizaci\u00f3n dedicada a nivelar estudios para adultos, ofreciendo apoyo y recursos para superarse. En CreceChile, redactamos programas [&hellip;]","_links":{"self":[{"href":"https:\/\/crecechile.anacondaweb.in\/index.php?rest_route=\/wp\/v2\/pages\/33","targetHints":{"allow":["GET"]}}],"collection":[{"href":"https:\/\/crecechile.anacondaweb.in\/index.php?rest_route=\/wp\/v2\/pages"}],"about":[{"href":"https:\/\/crecechile.anacondaweb.in\/index.php?rest_route=\/wp\/v2\/types\/page"}],"author":[{"embeddable":true,"href":"https:\/\/crecechile.anacondaweb.in\/index.php?rest_route=\/wp\/v2\/users\/6"}],"replies":[{"embeddable":true,"href":"https:\/\/crecechile.anacondaweb.in\/index.php?rest_route=%2Fwp%2Fv2%2Fcomments&post=33"}],"version-history":[{"count":7,"href":"https:\/\/crecechile.anacondaweb.in\/index.php?rest_route=\/wp\/v2\/pages\/33\/revisions"}],"predecessor-version":[{"id":471,"href":"https:\/\/crecechile.anacondaweb.in\/index.php?rest_route=\/wp\/v2\/pages\/33\/revisions\/471"}],"wp:attachment":[{"href":"https:\/\/crecechile.anacondaweb.in\/index.php?rest_route=%2Fwp%2Fv2%2Fmedia&parent=33"}],"curies":[{"name":"wp","href":"https:\/\/api.w.org\/{rel}","templated":true}]}}